{"id":26,"date":"2023-04-24T12:50:00","date_gmt":"2023-04-24T12:50:00","guid":{"rendered":"https:\/\/www.phoenixcontact.com\/l\/?page_id=26"},"modified":"2025-08-12T17:52:54","modified_gmt":"2025-08-12T15:52:54","slug":"homepage","status":"publish","type":"page","link":"https:\/\/www.phoenixcontact.com\/l\/","title":{"rendered":"Phoenix Contact Wissen"},"content":{"rendered":"\t\t<div data-elementor-type=\"wp-page\" data-elementor-id=\"26\" class=\"elementor elementor-26\" data-elementor-post-type=\"page\">\n\t\t\t\t<div class=\"elementor-element elementor-element-4c844f1 e-flex e-con-boxed e-con e-parent\" data-id=\"4c844f1\" data-element_type=\"container\">\n\t\t\t\t\t<div class=\"e-con-inner\">\n\t\t\t\t<div class=\"elementor-element elementor-element-75a04cf elementor-widget elementor-widget-heading\" data-id=\"75a04cf\" data-element_type=\"widget\" data-widget_type=\"heading.default\">\n\t\t\t\t<div class=\"elementor-widget-container\">\n\t\t\t\t\t<h1 class=\"elementor-heading-title elementor-size-default\">Phoenix Contact Wissen<\/h1>\t\t\t\t<\/div>\n\t\t\t\t<\/div>\n\t\t\t\t<div class=\"elementor-element elementor-element-1241bb4 elementor-widget elementor-widget-heading\" data-id=\"1241bb4\" data-element_type=\"widget\" data-widget_type=\"heading.default\">\n\t\t\t\t<div class=\"elementor-widget-container\">\n\t\t\t\t\t<h2 class=\"elementor-heading-title elementor-size-default\">Neueste Beitr\u00e4ge<\/h2>\t\t\t\t<\/div>\n\t\t\t\t<\/div>\n\t\t\t\t<div class=\"elementor-element elementor-element-8e28c0d elementor-grid-3 elementor-grid-tablet-2 elementor-grid-mobile-1 elementor-posts--thumbnail-top elementor-posts--show-avatar elementor-card-shadow-yes elementor-posts__hover-gradient elementor-widget elementor-widget-posts\" data-id=\"8e28c0d\" data-element_type=\"widget\" data-settings=\"{&quot;cards_columns&quot;:&quot;3&quot;,&quot;cards_columns_tablet&quot;:&quot;2&quot;,&quot;cards_columns_mobile&quot;:&quot;1&quot;,&quot;cards_row_gap&quot;:{&quot;unit&quot;:&quot;px&quot;,&quot;size&quot;:35,&quot;sizes&quot;:[]},&quot;cards_row_gap_tablet&quot;:{&quot;unit&quot;:&quot;px&quot;,&quot;size&quot;:&quot;&quot;,&quot;sizes&quot;:[]},&quot;cards_row_gap_mobile&quot;:{&quot;unit&quot;:&quot;px&quot;,&quot;size&quot;:&quot;&quot;,&quot;sizes&quot;:[]}}\" data-widget_type=\"posts.cards\">\n\t\t\t\t<div class=\"elementor-widget-container\">\n\t\t\t\t\t\t\t<div class=\"elementor-posts-container elementor-posts elementor-posts--skin-cards elementor-grid\">\n\t\t\t\t<article class=\"elementor-post elementor-grid-item post-8815 post type-post status-publish format-standard has-post-thumbnail hentry category-wissen tag-gebaeudeautomation\">\n\t\t\t<div class=\"elementor-post__card\">\n\t\t\t\t<a class=\"elementor-post__thumbnail__link\" href=\"https:\/\/www.phoenixcontact.com\/l\/wissen\/intelligente-gebaeudeautomation\" tabindex=\"-1\" ><div class=\"elementor-post__thumbnail\"><img fetchpriority=\"high\" decoding=\"async\" width=\"768\" height=\"768\" src=\"https:\/\/www.phoenixcontact.com\/l\/wp-content\/uploads\/2025\/09\/intelligente-gebaeudeautomation-768x768.jpg\" class=\"attachment-medium_large size-medium_large wp-image-8817\" alt=\"\" srcset=\"https:\/\/www.phoenixcontact.com\/l\/wp-content\/uploads\/2025\/09\/intelligente-gebaeudeautomation-768x768.jpg 768w, https:\/\/www.phoenixcontact.com\/l\/wp-content\/uploads\/2025\/09\/intelligente-gebaeudeautomation-300x300.jpg 300w, https:\/\/www.phoenixcontact.com\/l\/wp-content\/uploads\/2025\/09\/intelligente-gebaeudeautomation-150x150.jpg 150w, https:\/\/www.phoenixcontact.com\/l\/wp-content\/uploads\/2025\/09\/intelligente-gebaeudeautomation.jpg 1000w\" sizes=\"(max-width: 768px) 100vw, 768px\" \/><\/div><\/a>\n\t\t\t\t<div class=\"elementor-post__badge\">Wissen<\/div>\n\t\t\t\t<div class=\"elementor-post__avatar\">\n\t\t\t\t\t<\/div>\n\t\t\t\t<div class=\"elementor-post__text\">\n\t\t\t\t<h3 class=\"elementor-post__title\">\n\t\t\t<a href=\"https:\/\/www.phoenixcontact.com\/l\/wissen\/intelligente-gebaeudeautomation\" >\n\t\t\t\tIntelligente Geb\u00e4udeautomation\t\t\t<\/a>\n\t\t<\/h3>\n\t\t\t\t<div class=\"elementor-post__excerpt\">\n\t\t\t<p>Was ist intelligente Geb\u00e4udeautomation? Intelligente Geb\u00e4udeautomation bezeichnet die Integration von Automatisierungssystemen in Geb\u00e4uden, um deren Betrieb effizienter und komfortabler zu gestalten. Diese Systeme erm\u00f6glichen die<\/p>\n\t\t<\/div>\n\t\t\n\t\t<a class=\"elementor-post__read-more\" href=\"https:\/\/www.phoenixcontact.com\/l\/wissen\/intelligente-gebaeudeautomation\" aria-label=\"Mehr \u00fcber Intelligente Geb\u00e4udeautomation\" tabindex=\"-1\" >\n\t\t\tWeiterlesen \u00bb\t\t<\/a>\n\n\t\t\t\t<\/div>\n\t\t\t\t<div class=\"elementor-post__meta-data\">\n\t\t\t\t\t<span class=\"elementor-post-author\">\n\t\t\tPhoenix Contact\t\t<\/span>\n\t\t\t\t<span class=\"elementor-post-date\">\n\t\t\t2025-09-23\t\t<\/span>\n\t\t\t\t<\/div>\n\t\t\t\t\t<\/div>\n\t\t<\/article>\n\t\t\t\t<article class=\"elementor-post elementor-grid-item post-8801 post type-post status-publish format-standard has-post-thumbnail hentry category-verschiedenes tag-basteln tag-weihnachten\">\n\t\t\t<div class=\"elementor-post__card\">\n\t\t\t\t<a class=\"elementor-post__thumbnail__link\" href=\"https:\/\/www.phoenixcontact.com\/l\/verschiedenes\/basteln-mit-phoenix-contact-weihnachtsdeko-bastelideen\" tabindex=\"-1\" ><div class=\"elementor-post__thumbnail\"><img decoding=\"async\" width=\"516\" height=\"644\" src=\"https:\/\/www.phoenixcontact.com\/l\/wp-content\/uploads\/2025\/09\/phoenix-contact-reihenklemme-weihnachten.jpg\" class=\"attachment-medium_large size-medium_large wp-image-8802\" alt=\"phoenix contact reihenklemme als weihnachtsdeko am tannenbaum\" srcset=\"https:\/\/www.phoenixcontact.com\/l\/wp-content\/uploads\/2025\/09\/phoenix-contact-reihenklemme-weihnachten.jpg 516w, https:\/\/www.phoenixcontact.com\/l\/wp-content\/uploads\/2025\/09\/phoenix-contact-reihenklemme-weihnachten-240x300.jpg 240w\" sizes=\"(max-width: 516px) 100vw, 516px\" \/><\/div><\/a>\n\t\t\t\t<div class=\"elementor-post__badge\">Verschiedenes<\/div>\n\t\t\t\t<div class=\"elementor-post__avatar\">\n\t\t\t\t\t<\/div>\n\t\t\t\t<div class=\"elementor-post__text\">\n\t\t\t\t<h3 class=\"elementor-post__title\">\n\t\t\t<a href=\"https:\/\/www.phoenixcontact.com\/l\/verschiedenes\/basteln-mit-phoenix-contact-weihnachtsdeko-bastelideen\" >\n\t\t\t\tBasteln mit Phoenix Contact: Weihnachtsdeko &amp; Bastelideen\t\t\t<\/a>\n\t\t<\/h3>\n\t\t\t\t<div class=\"elementor-post__excerpt\">\n\t\t\t<p>Basteln ist eine wunderbare M\u00f6glichkeit, Kreativit\u00e4t mit technischem Know-how zu verbinden und dabei zu entspannen. Viele Erwachsene entdecken die Freude am Selbermachen neu und gestalten<\/p>\n\t\t<\/div>\n\t\t\n\t\t<a class=\"elementor-post__read-more\" href=\"https:\/\/www.phoenixcontact.com\/l\/verschiedenes\/basteln-mit-phoenix-contact-weihnachtsdeko-bastelideen\" aria-label=\"Mehr \u00fcber Basteln mit Phoenix Contact: Weihnachtsdeko &amp; Bastelideen\" tabindex=\"-1\" >\n\t\t\tWeiterlesen \u00bb\t\t<\/a>\n\n\t\t\t\t<\/div>\n\t\t\t\t<div class=\"elementor-post__meta-data\">\n\t\t\t\t\t<span class=\"elementor-post-author\">\n\t\t\tPhoenix Contact\t\t<\/span>\n\t\t\t\t<span class=\"elementor-post-date\">\n\t\t\t2025-09-01\t\t<\/span>\n\t\t\t\t<\/div>\n\t\t\t\t\t<\/div>\n\t\t<\/article>\n\t\t\t\t<article class=\"elementor-post elementor-grid-item post-2373 post type-post status-publish format-standard has-post-thumbnail hentry category-wissen tag-ueberspannungsschutz\">\n\t\t\t<div class=\"elementor-post__card\">\n\t\t\t\t<a class=\"elementor-post__thumbnail__link\" href=\"https:\/\/www.phoenixcontact.com\/l\/wissen\/ueberspannungsschutz-auf-der-sammelschiene\" tabindex=\"-1\" ><div class=\"elementor-post__thumbnail\"><img decoding=\"async\" width=\"676\" height=\"419\" src=\"https:\/\/www.phoenixcontact.com\/l\/wp-content\/uploads\/2023\/06\/FLT-SEC-ZP2-3.png\" class=\"attachment-medium_large size-medium_large wp-image-2377\" alt=\"\" srcset=\"https:\/\/www.phoenixcontact.com\/l\/wp-content\/uploads\/2023\/06\/FLT-SEC-ZP2-3.png 676w, https:\/\/www.phoenixcontact.com\/l\/wp-content\/uploads\/2023\/06\/FLT-SEC-ZP2-3-300x186.png 300w\" sizes=\"(max-width: 676px) 100vw, 676px\" \/><\/div><\/a>\n\t\t\t\t<div class=\"elementor-post__badge\">Wissen<\/div>\n\t\t\t\t<div class=\"elementor-post__avatar\">\n\t\t\t\t\t<\/div>\n\t\t\t\t<div class=\"elementor-post__text\">\n\t\t\t\t<h3 class=\"elementor-post__title\">\n\t\t\t<a href=\"https:\/\/www.phoenixcontact.com\/l\/wissen\/ueberspannungsschutz-auf-der-sammelschiene\" >\n\t\t\t\t\u00dcberspannungsschutz auf der Sammelschiene\t\t\t<\/a>\n\t\t<\/h3>\n\t\t\t\t<div class=\"elementor-post__excerpt\">\n\t\t\t<p>Was muss beim \u00dcberspannungsschutz auf der Sammelschiene beachtet werden? Die DIN VDE 0100-534 schreibt seit Oktober 2016 die Errichtung von \u00dcberspannungs-Schutzeinrichtungen (SPD) am Speisepunkt jeder<\/p>\n\t\t<\/div>\n\t\t\n\t\t<a class=\"elementor-post__read-more\" href=\"https:\/\/www.phoenixcontact.com\/l\/wissen\/ueberspannungsschutz-auf-der-sammelschiene\" aria-label=\"Mehr \u00fcber \u00dcberspannungsschutz auf der Sammelschiene\" tabindex=\"-1\" >\n\t\t\tWeiterlesen \u00bb\t\t<\/a>\n\n\t\t\t\t<\/div>\n\t\t\t\t<div class=\"elementor-post__meta-data\">\n\t\t\t\t\t<span class=\"elementor-post-author\">\n\t\t\tPhoenix Contact\t\t<\/span>\n\t\t\t\t<span class=\"elementor-post-date\">\n\t\t\t2023-06-07\t\t<\/span>\n\t\t\t\t<\/div>\n\t\t\t\t\t<\/div>\n\t\t<\/article>\n\t\t\t\t<article class=\"elementor-post elementor-grid-item post-2367 post type-post status-publish format-standard has-post-thumbnail hentry category-wissen\">\n\t\t\t<div class=\"elementor-post__card\">\n\t\t\t\t<a class=\"elementor-post__thumbnail__link\" href=\"https:\/\/www.phoenixcontact.com\/l\/wissen\/antenneninstallation\" tabindex=\"-1\" ><div class=\"elementor-post__thumbnail\"><img loading=\"lazy\" decoding=\"async\" width=\"220\" height=\"147\" src=\"https:\/\/www.phoenixcontact.com\/l\/wp-content\/uploads\/2023\/06\/Vereinfachter-Antennenanschluss.jpg\" class=\"attachment-medium_large size-medium_large wp-image-2370\" alt=\"Vereinfachter Antennenanschluss\" \/><\/div><\/a>\n\t\t\t\t<div class=\"elementor-post__badge\">Wissen<\/div>\n\t\t\t\t<div class=\"elementor-post__avatar\">\n\t\t\t\t\t<\/div>\n\t\t\t\t<div class=\"elementor-post__text\">\n\t\t\t\t<h3 class=\"elementor-post__title\">\n\t\t\t<a href=\"https:\/\/www.phoenixcontact.com\/l\/wissen\/antenneninstallation\" >\n\t\t\t\tAntenneninstallation\t\t\t<\/a>\n\t\t<\/h3>\n\t\t\t\t<div class=\"elementor-post__excerpt\">\n\t\t\t<p>Installation im IP54-Schaltkasten Innerhalb des Schaltkastens werden Funkmodule mit RSMA-Anschluss mit dem \u00dcberspannungsschutz verbunden. Dieser dient gleichzeitig auch als Wanddurchf\u00fchrung. Au\u00dferhalb werden Verl\u00e4ngerungskabel mit beidseitigem<\/p>\n\t\t<\/div>\n\t\t\n\t\t<a class=\"elementor-post__read-more\" href=\"https:\/\/www.phoenixcontact.com\/l\/wissen\/antenneninstallation\" aria-label=\"Mehr \u00fcber Antenneninstallation\" tabindex=\"-1\" >\n\t\t\tWeiterlesen \u00bb\t\t<\/a>\n\n\t\t\t\t<\/div>\n\t\t\t\t<div class=\"elementor-post__meta-data\">\n\t\t\t\t\t<span class=\"elementor-post-author\">\n\t\t\tPhoenix Contact\t\t<\/span>\n\t\t\t\t<span class=\"elementor-post-date\">\n\t\t\t2023-06-07\t\t<\/span>\n\t\t\t\t<\/div>\n\t\t\t\t\t<\/div>\n\t\t<\/article>\n\t\t\t\t<article class=\"elementor-post elementor-grid-item post-2362 post type-post status-publish format-standard has-post-thumbnail hentry category-wissen\">\n\t\t\t<div class=\"elementor-post__card\">\n\t\t\t\t<a class=\"elementor-post__thumbnail__link\" href=\"https:\/\/www.phoenixcontact.com\/l\/wissen\/phasenueberwachung\" tabindex=\"-1\" ><div class=\"elementor-post__thumbnail\"><img loading=\"lazy\" decoding=\"async\" width=\"733\" height=\"672\" src=\"https:\/\/www.phoenixcontact.com\/l\/wp-content\/uploads\/2023\/06\/Drehrichtungserkennung-von-Antrieben.jpg\" class=\"attachment-medium_large size-medium_large wp-image-2364\" alt=\"Drehrichtungserkennung von Antrieben\" srcset=\"https:\/\/www.phoenixcontact.com\/l\/wp-content\/uploads\/2023\/06\/Drehrichtungserkennung-von-Antrieben.jpg 733w, https:\/\/www.phoenixcontact.com\/l\/wp-content\/uploads\/2023\/06\/Drehrichtungserkennung-von-Antrieben-300x275.jpg 300w\" sizes=\"(max-width: 733px) 100vw, 733px\" \/><\/div><\/a>\n\t\t\t\t<div class=\"elementor-post__badge\">Wissen<\/div>\n\t\t\t\t<div class=\"elementor-post__avatar\">\n\t\t\t\t\t<\/div>\n\t\t\t\t<div class=\"elementor-post__text\">\n\t\t\t\t<h3 class=\"elementor-post__title\">\n\t\t\t<a href=\"https:\/\/www.phoenixcontact.com\/l\/wissen\/phasenueberwachung\" >\n\t\t\t\tPhasen\u00fcberwachung\t\t\t<\/a>\n\t\t<\/h3>\n\t\t\t\t<div class=\"elementor-post__excerpt\">\n\t\t\t<p>In\u00a03-Phasen-Netzen sollten alle Phasenparameter wie Phasenausfall, Phasenfolge und Asymmetrie \u00fcberwacht werden. Phasenausfall-\u00dcberwachung: Motorschutz in 3-Phasen-Netzen F\u00e4llt eine Phase eines 3-Phasen-Netzes aus, zieht ein angeschlossener Motor<\/p>\n\t\t<\/div>\n\t\t\n\t\t<a class=\"elementor-post__read-more\" href=\"https:\/\/www.phoenixcontact.com\/l\/wissen\/phasenueberwachung\" aria-label=\"Mehr \u00fcber Phasen\u00fcberwachung\" tabindex=\"-1\" >\n\t\t\tWeiterlesen \u00bb\t\t<\/a>\n\n\t\t\t\t<\/div>\n\t\t\t\t<div class=\"elementor-post__meta-data\">\n\t\t\t\t\t<span class=\"elementor-post-author\">\n\t\t\tPhoenix Contact\t\t<\/span>\n\t\t\t\t<span class=\"elementor-post-date\">\n\t\t\t2023-06-07\t\t<\/span>\n\t\t\t\t<\/div>\n\t\t\t\t\t<\/div>\n\t\t<\/article>\n\t\t\t\t<article class=\"elementor-post elementor-grid-item post-2164 post type-post status-publish format-standard has-post-thumbnail hentry category-wissen\">\n\t\t\t<div class=\"elementor-post__card\">\n\t\t\t\t<a class=\"elementor-post__thumbnail__link\" href=\"https:\/\/www.phoenixcontact.com\/l\/wissen\/visualisierung-auf-top-niveau-mit-scada-technologie\" tabindex=\"-1\" ><div class=\"elementor-post__thumbnail\"><img loading=\"lazy\" decoding=\"async\" width=\"768\" height=\"448\" src=\"https:\/\/www.phoenixcontact.com\/l\/wp-content\/uploads\/2023\/05\/Unbegrenzte-Moeglichkeiten-mit-SCADA-Visualisierungen-768x448.jpg\" class=\"attachment-medium_large size-medium_large wp-image-2165\" alt=\"Unbegrenzte M\u00f6glichkeiten mit SCADA-Visualisierungen\" srcset=\"https:\/\/www.phoenixcontact.com\/l\/wp-content\/uploads\/2023\/05\/Unbegrenzte-Moeglichkeiten-mit-SCADA-Visualisierungen-768x448.jpg 768w, https:\/\/www.phoenixcontact.com\/l\/wp-content\/uploads\/2023\/05\/Unbegrenzte-Moeglichkeiten-mit-SCADA-Visualisierungen-300x175.jpg 300w, https:\/\/www.phoenixcontact.com\/l\/wp-content\/uploads\/2023\/05\/Unbegrenzte-Moeglichkeiten-mit-SCADA-Visualisierungen.jpg 896w\" sizes=\"(max-width: 768px) 100vw, 768px\" \/><\/div><\/a>\n\t\t\t\t<div class=\"elementor-post__badge\">Wissen<\/div>\n\t\t\t\t<div class=\"elementor-post__avatar\">\n\t\t\t\t\t<\/div>\n\t\t\t\t<div class=\"elementor-post__text\">\n\t\t\t\t<h3 class=\"elementor-post__title\">\n\t\t\t<a href=\"https:\/\/www.phoenixcontact.com\/l\/wissen\/visualisierung-auf-top-niveau-mit-scada-technologie\" >\n\t\t\t\tVisualisierung auf Top-Niveau: mit SCADA-Technologie\t\t\t<\/a>\n\t\t<\/h3>\n\t\t\t\t<div class=\"elementor-post__excerpt\">\n\t\t\t<p>SCADA (Supervisory Control and Data Acquisition) ist computergest\u00fctzte \u00dcberwachung und Steuerung technischer Prozesse. Die Visualisierungsoberfl\u00e4che ist dabei die Schnittstelle f\u00fcr Interaktionen zwischen Mensch und Maschine.<\/p>\n\t\t<\/div>\n\t\t\n\t\t<a class=\"elementor-post__read-more\" href=\"https:\/\/www.phoenixcontact.com\/l\/wissen\/visualisierung-auf-top-niveau-mit-scada-technologie\" aria-label=\"Mehr \u00fcber Visualisierung auf Top-Niveau: mit SCADA-Technologie\" tabindex=\"-1\" >\n\t\t\tWeiterlesen \u00bb\t\t<\/a>\n\n\t\t\t\t<\/div>\n\t\t\t\t<div class=\"elementor-post__meta-data\">\n\t\t\t\t\t<span class=\"elementor-post-author\">\n\t\t\tPhoenix Contact\t\t<\/span>\n\t\t\t\t<span class=\"elementor-post-date\">\n\t\t\t2023-05-31\t\t<\/span>\n\t\t\t\t<\/div>\n\t\t\t\t\t<\/div>\n\t\t<\/article>\n\t\t\t\t<\/div>\n\t\t\n\t\t\t\t\t\t<\/div>\n\t\t\t\t<\/div>\n\t\t\t\t\t<\/div>\n\t\t\t\t<\/div>\n\t\t\t\t<\/div>\n\t\t","protected":false},"excerpt":{"rendered":"<p>Phoenix Contact Wissen Neueste Beitr\u00e4ge<\/p>\n","protected":false},"author":3,"featured_media":0,"parent":0,"menu_order":0,"comment_status":"closed","ping_status":"closed","template":"elementor_theme","meta":{"_acf_changed":false,"footnotes":""},"class_list":["post-26","page","type-page","status-publish","hentry"],"acf":[],"yoast_head":"<!-- This site is optimized with the Yoast SEO plugin v25.1 - https:\/\/yoast.com\/wordpress\/plugins\/seo\/ -->\n<title>Phoenix Contact Wissen<\/title>\n<meta name=\"robots\" content=\"index, follow, max-snippet:-1, max-image-preview:large, max-video-preview:-1\" \/>\n<link rel=\"canonical\" href=\"https:\/\/www.phoenixcontact.com\/l\/\" \/>\n<meta property=\"og:locale\" content=\"de_DE\" \/>\n<meta property=\"og:type\" content=\"article\" \/>\n<meta property=\"og:title\" content=\"Phoenix Contact Wissen\" \/>\n<meta property=\"og:description\" content=\"Phoenix Contact Wissen Neueste Beitr\u00e4ge\" \/>\n<meta property=\"og:url\" content=\"https:\/\/www.phoenixcontact.com\/l\/\" \/>\n<meta property=\"og:site_name\" content=\"Phoenix Contact Wissen\" \/>\n<meta property=\"article:publisher\" content=\"https:\/\/www.facebook.com\/phoenixcontact\/\" \/>\n<meta property=\"article:modified_time\" content=\"2025-08-12T15:52:54+00:00\" \/>\n<meta name=\"twitter:card\" content=\"summary_large_image\" \/>\n<meta name=\"twitter:site\" content=\"@PhoenixContact\" \/>\n<meta name=\"twitter:label1\" content=\"Gesch\u00e4tzte Lesezeit\" \/>\n\t<meta name=\"twitter:data1\" content=\"5\u00a0Minuten\" \/>\n<script type=\"application\/ld+json\" class=\"yoast-schema-graph\">{\n\t    \"@context\": \"https:\/\/schema.org\",\n\t    \"@graph\": [\n\t        {\n\t            \"@type\": \"WebPage\",\n\t            \"@id\": \"https:\/\/www.phoenixcontact.com\/l\/\",\n\t            \"url\": \"https:\/\/www.phoenixcontact.com\/l\/\",\n\t            \"name\": \"Phoenix Contact Wissen\",\n\t            \"isPartOf\": {\n\t                \"@id\": \"https:\/\/www.phoenixcontact.com\/l\/#website\"\n\t            },\n\t            \"datePublished\": \"2023-04-24T12:50:00+00:00\",\n\t            \"dateModified\": \"2025-08-12T15:52:54+00:00\",\n\t            \"breadcrumb\": {\n\t                \"@id\": \"https:\/\/www.phoenixcontact.com\/l\/#breadcrumb\"\n\t            },\n\t            \"inLanguage\": \"de\",\n\t            \"potentialAction\": [\n\t                {\n\t                    \"@type\": \"ReadAction\",\n\t                    \"target\": [\n\t                        \"https:\/\/www.phoenixcontact.com\/l\/\"\n\t                    ]\n\t                }\n\t            ]\n\t        },\n\t        {\n\t            \"@type\": \"BreadcrumbList\",\n\t            \"@id\": \"https:\/\/www.phoenixcontact.com\/l\/#breadcrumb\",\n\t            \"itemListElement\": [\n\t                {\n\t                    \"@type\": \"ListItem\",\n\t                    \"position\": 1,\n\t                    \"name\": \"Home\",\n\t                    \"item\": \"https:\/\/www.phoenixcontact.com\/l\/\"\n\t                },\n\t                {\n\t                    \"@type\": \"ListItem\",\n\t                    \"position\": 2,\n\t                    \"name\": \"Phoenix Contact Wissen\"\n\t                }\n\t            ]\n\t        },\n\t        {\n\t            \"@type\": \"WebSite\",\n\t            \"@id\": \"https:\/\/www.phoenixcontact.com\/l\/#website\",\n\t            \"url\": \"https:\/\/www.phoenixcontact.com\/l\/\",\n\t            \"name\": \"Phoenix Contact Wissen\",\n\t            \"description\": \"\",\n\t            \"publisher\": {\n\t                \"@id\": \"https:\/\/www.phoenixcontact.com\/l\/#organization\"\n\t            },\n\t            \"potentialAction\": [\n\t                {\n\t                    \"@type\": \"SearchAction\",\n\t                    \"target\": {\n\t                        \"@type\": \"EntryPoint\",\n\t                        \"urlTemplate\": \"https:\/\/www.phoenixcontact.com\/l\/?s={search_term_string}\"\n\t                    },\n\t                    \"query-input\": {\n\t                        \"@type\": \"PropertyValueSpecification\",\n\t                        \"valueRequired\": true,\n\t                        \"valueName\": \"search_term_string\"\n\t                    }\n\t                }\n\t            ],\n\t            \"inLanguage\": \"de\"\n\t        },\n\t        {\n\t            \"@type\": \"Organization\",\n\t            \"@id\": \"https:\/\/www.phoenixcontact.com\/l\/#organization\",\n\t            \"name\": \"Phoenix Contact\",\n\t            \"url\": \"https:\/\/www.phoenixcontact.com\/l\/\",\n\t            \"logo\": {\n\t                \"@type\": \"ImageObject\",\n\t                \"inLanguage\": \"de\",\n\t                \"@id\": \"https:\/\/www.phoenixcontact.com\/l\/#\/schema\/logo\/image\/\",\n\t                \"url\": \"https:\/\/www.phoenixcontact.com\/l\/wp-content\/uploads\/2023\/04\/phoenix-contact-logo-squared-transparent.png\",\n\t                \"contentUrl\": \"https:\/\/www.phoenixcontact.com\/l\/wp-content\/uploads\/2023\/04\/phoenix-contact-logo-squared-transparent.png\",\n\t                \"width\": 300,\n\t                \"height\": 300,\n\t                \"caption\": \"Phoenix Contact\"\n\t            },\n\t            \"image\": {\n\t                \"@id\": \"https:\/\/www.phoenixcontact.com\/l\/#\/schema\/logo\/image\/\"\n\t            },\n\t            \"sameAs\": [\n\t                \"https:\/\/www.facebook.com\/phoenixcontact\/\",\n\t                \"https:\/\/x.com\/PhoenixContact\",\n\t                \"https:\/\/www.youtube.com\/channel\/UC0w4cHMm7dy6UTjduwA1H6w\",\n\t                \"https:\/\/de.linkedin.com\/company\/phoenix-contact\"\n\t            ]\n\t        }\n\t    ]\n\t}<\/script>\n<!-- \/ Yoast SEO plugin. -->","yoast_head_json":{"title":"Phoenix Contact Wissen","robots":{"index":"index","follow":"follow","max-snippet":"max-snippet:-1","max-image-preview":"max-image-preview:large","max-video-preview":"max-video-preview:-1"},"canonical":"https:\/\/www.phoenixcontact.com\/l\/","og_locale":"de_DE","og_type":"article","og_title":"Phoenix Contact Wissen","og_description":"Phoenix Contact Wissen Neueste Beitr\u00e4ge","og_url":"https:\/\/www.phoenixcontact.com\/l\/","og_site_name":"Phoenix Contact Wissen","article_publisher":"https:\/\/www.facebook.com\/phoenixcontact\/","article_modified_time":"2025-08-12T15:52:54+00:00","twitter_card":"summary_large_image","twitter_site":"@PhoenixContact","twitter_misc":{"Gesch\u00e4tzte Lesezeit":"5\u00a0Minuten"},"schema":{"@context":"https:\/\/schema.org","@graph":[{"@type":"WebPage","@id":"https:\/\/www.phoenixcontact.com\/l\/","url":"https:\/\/www.phoenixcontact.com\/l\/","name":"Phoenix Contact Wissen","isPartOf":{"@id":"https:\/\/www.phoenixcontact.com\/l\/#website"},"datePublished":"2023-04-24T12:50:00+00:00","dateModified":"2025-08-12T15:52:54+00:00","breadcrumb":{"@id":"https:\/\/www.phoenixcontact.com\/l\/#breadcrumb"},"inLanguage":"de","potentialAction":[{"@type":"ReadAction","target":["https:\/\/www.phoenixcontact.com\/l\/"]}]},{"@type":"BreadcrumbList","@id":"https:\/\/www.phoenixcontact.com\/l\/#breadcrumb","itemListElement":[{"@type":"ListItem","position":1,"name":"Home","item":"https:\/\/www.phoenixcontact.com\/l\/"},{"@type":"ListItem","position":2,"name":"Phoenix Contact Wissen"}]},{"@type":"WebSite","@id":"https:\/\/www.phoenixcontact.com\/l\/#website","url":"https:\/\/www.phoenixcontact.com\/l\/","name":"Phoenix Contact Wissen","description":"","publisher":{"@id":"https:\/\/www.phoenixcontact.com\/l\/#organization"},"potentialAction":[{"@type":"SearchAction","target":{"@type":"EntryPoint","urlTemplate":"https:\/\/www.phoenixcontact.com\/l\/?s={search_term_string}"},"query-input":{"@type":"PropertyValueSpecification","valueRequired":true,"valueName":"search_term_string"}}],"inLanguage":"de"},{"@type":"Organization","@id":"https:\/\/www.phoenixcontact.com\/l\/#organization","name":"Phoenix Contact","url":"https:\/\/www.phoenixcontact.com\/l\/","logo":{"@type":"ImageObject","inLanguage":"de","@id":"https:\/\/www.phoenixcontact.com\/l\/#\/schema\/logo\/image\/","url":"https:\/\/www.phoenixcontact.com\/l\/wp-content\/uploads\/2023\/04\/phoenix-contact-logo-squared-transparent.png","contentUrl":"https:\/\/www.phoenixcontact.com\/l\/wp-content\/uploads\/2023\/04\/phoenix-contact-logo-squared-transparent.png","width":300,"height":300,"caption":"Phoenix Contact"},"image":{"@id":"https:\/\/www.phoenixcontact.com\/l\/#\/schema\/logo\/image\/"},"sameAs":["https:\/\/www.facebook.com\/phoenixcontact\/","https:\/\/x.com\/PhoenixContact","https:\/\/www.youtube.com\/channel\/UC0w4cHMm7dy6UTjduwA1H6w","https:\/\/de.linkedin.com\/company\/phoenix-contact"]}]}},"_links":{"self":[{"href":"https:\/\/www.phoenixcontact.com\/l\/wp-json\/wp\/v2\/pages\/26","targetHints":{"allow":["GET"]}}],"collection":[{"href":"https:\/\/www.phoenixcontact.com\/l\/wp-json\/wp\/v2\/pages"}],"about":[{"href":"https:\/\/www.phoenixcontact.com\/l\/wp-json\/wp\/v2\/types\/page"}],"author":[{"embeddable":true,"href":"https:\/\/www.phoenixcontact.com\/l\/wp-json\/wp\/v2\/users\/3"}],"replies":[{"embeddable":true,"href":"https:\/\/www.phoenixcontact.com\/l\/wp-json\/wp\/v2\/comments?post=26"}],"version-history":[{"count":79,"href":"https:\/\/www.phoenixcontact.com\/l\/wp-json\/wp\/v2\/pages\/26\/revisions"}],"predecessor-version":[{"id":8797,"href":"https:\/\/www.phoenixcontact.com\/l\/wp-json\/wp\/v2\/pages\/26\/revisions\/8797"}],"wp:attachment":[{"href":"https:\/\/www.phoenixcontact.com\/l\/wp-json\/wp\/v2\/media?parent=26"}],"curies":[{"name":"wp","href":"https:\/\/api.w.org\/{rel}","templated":true}]}}